{"id":95,"date":"2009-04-17T10:46:26","date_gmt":"2009-04-17T13:46:26","guid":{"rendered":"http:\/\/www.geotexes.com.br\/site\/?page_id=95"},"modified":"2020-04-14T02:02:15","modified_gmt":"2020-04-14T05:02:15","slug":"aplicacoes","status":"publish","type":"page","link":"https:\/\/geotexes.com.br\/portal\/produtos\/bidim\/aplicacoes\/","title":{"rendered":"Aplica\u00e7\u00f5es"},"content":{"rendered":"<h2><strong>Melhor custo benef\u00edcio<\/strong><\/h2>\n<p><!--nextpage--><\/p>\n<h3 style=\"text-align: justify;\"><strong>Estabiliza\u00e7\u00e3o de Subleito<\/strong><\/h3>\n<p style=\"text-align: left;\">Bidim redistribui tens\u00f5es sobre solo de funda\u00e7\u00e3o e aumenta sua capacidade de suporte. Evita a contamina\u00e7\u00e3o da camada de base ou lastro por bombeamento de finos do subleito. Bidim minimiza recalques diferenciaise deforma\u00e7\u00f5es horizontais da fuda\u00e7\u00e3o.<\/p>\n<ul>\n<li>Menor consumo de materiais granulares.<\/li>\n<li>Menos interrup\u00e7\u00f5es do tr\u00e1fego para manuten\u00e7\u00e3o.<\/li>\n<li>Sens\u00edvel redu\u00e7\u00e3o nos custos de manuten\u00e7\u00e3o.<\/li>\n<li>Excelente rela\u00e7\u00e3o custo\/benef\u00edcio ao longo do tempo.<\/li>\n<\/ul>\n<h3 style=\"text-align: justify;\"><strong>Recapeamento Asf\u00e1ltico<\/strong><\/h3>\n<p style=\"text-align: left;\">Instalado entre o pavimento antigo e a nova capa asf\u00e1ltica, Bidim retarda a propaga\u00e7\u00e3o de trincas para a nova capa.<\/p>\n<ul>\n<li>Significativo aumento da vida \u00fatil do recapeamento.<\/li>\n<li> \u00d3tima rela\u00e7\u00e3o custo\/benef\u00edcio a m\u00e9dio e a longo prazos.<\/li>\n<li> Redu\u00e7\u00e3o na espessura de capa asf\u00e1ltica, para uma mesma vida \u00fatil projetada<\/li>\n<\/ul>\n<h3 style=\"text-align: justify;\"><!--nextpage--><strong><\/strong><\/h3>\n<h3 style=\"text-align: justify;\"><strong>Muros e Taludes Refor\u00e7ados<\/strong><\/h3>\n<p style=\"text-align: left;\">Bidim, intercalado com camadas de solo compactado, permite a execu\u00e7\u00e3o de taludes est\u00e1veis, com inclina\u00e7\u00f5es elevadas ou mesmo verticais.<\/p>\n<ul>\n<li>Baixo custo<\/li>\n<li>Aproveitamento de materiais locais para execu\u00e7\u00e3o de aterro.<\/li>\n<li>Melhor ocupa\u00e7\u00e3o do espa\u00e7o disponivel.<\/li>\n<li>Ecologicamente correto.<\/li>\n<\/ul>\n<h3><strong>Aterro sobre solo mole<\/strong><\/h3>\n<p style=\"text-align: left;\">Bidim garante a estabilidade do aterro sobre solos moles. Uma ou mais camadas de Bidim permitem a execu\u00e7\u00e3o de aterros mais altos, ultrapassando a altura cr\u00edtica.<\/p>\n<ul>\n<li>M\u00ednima ou nenhuma remo\u00e7\u00e3o de solo mole.<\/li>\n<li>Economia de material de aterro para a execu\u00e7\u00e3o de bermas de equil\u00edbrio.<\/li>\n<li>Maior coeficiente de seguran\u00e7\u00e3 a ruptura generalizada.<\/li>\n<li>Rapidez e execu\u00e7\u00e3o.<\/li>\n<li>Ecologicamente correto.<\/li>\n<\/ul>\n<p><!--nextpage--><\/p>\n<h3><strong>Filtra\u00e7\u00e3o e Drenagem<\/strong><\/h3>\n<p style=\"text-align: left;\">Bidim substitui filtros granulom\u00e9tricos em sistemas drenantes e filtros de transi\u00e7\u00e3o de barragens, canais, obras vi\u00e1rias, \u00e1reas verdes, aterros sanit\u00e1rios e industrias, etc.<\/p>\n<ul>\n<li>Economia de agregados naturais.<\/li>\n<li>Alta velocidade de execu\u00e7\u00e3o.<\/li>\n<li>Baixo custo de instala\u00e7\u00e3o.<\/li>\n<li>Maior durabilidade.<\/li>\n<li>A melhor rela\u00e7\u00e3o custo\/benef\u00edcio ao longo do tempo.<\/li>\n<\/ul>\n<h3><strong>Prote\u00e7\u00e3o de Geomembranas<\/strong><\/h3>\n<p style=\"text-align: left;\">Em canais de irriga\u00e7\u00e3o, lagos, obras de prote\u00e7\u00e3o ao meio ambiente, obras de minera\u00e7\u00e3o, lajes de edif\u00edcios . A associa\u00e7\u00e3o do geot\u00eaxtil Bidim \u00e1 geomembrana ou manta imperme\u00e1vel aumenta a resist\u00eancia mec\u00e2nica da impermeabiliza\u00e7\u00e3o.<\/p>\n<ul>\n<li>Maior vida \u00fatil do sistema impermeabilizante.<\/li>\n<li>Permite a redu\u00e7\u00e3o da expessura da geomembrana.<\/li>\n<li>Menor custo de implanta\u00e7\u00e3o do sistema.<\/li>\n<\/ul>\n","protected":false},"excerpt":{"rendered":"<p>Melhor custo benef\u00edcio<\/p>\n","protected":false},"author":1,"featured_media":0,"parent":11,"menu_order":0,"comment_status":"closed","ping_status":"closed","template":"","meta":{"neve_meta_sidebar":"","neve_meta_container":"","neve_meta_enable_content_width":"","neve_meta_content_width":0,"neve_meta_title_alignment":"","neve_meta_author_avatar":"","neve_post_elements_order":"","neve_meta_disable_header":"","neve_meta_disable_footer":"","neve_meta_disable_title":""},"_links":{"self":[{"href":"https:\/\/geotexes.com.br\/portal\/wp-json\/wp\/v2\/pages\/95"}],"collection":[{"href":"https:\/\/geotexes.com.br\/portal\/wp-json\/wp\/v2\/pages"}],"about":[{"href":"https:\/\/geotexes.com.br\/portal\/wp-json\/wp\/v2\/types\/page"}],"author":[{"embeddable":true,"href":"https:\/\/geotexes.com.br\/portal\/wp-json\/wp\/v2\/users\/1"}],"replies":[{"embeddable":true,"href":"https:\/\/geotexes.com.br\/portal\/wp-json\/wp\/v2\/comments?post=95"}],"version-history":[{"count":0,"href":"https:\/\/geotexes.com.br\/portal\/wp-json\/wp\/v2\/pages\/95\/revisions"}],"up":[{"embeddable":true,"href":"https:\/\/geotexes.com.br\/portal\/wp-json\/wp\/v2\/pages\/11"}],"wp:attachment":[{"href":"https:\/\/geotexes.com.br\/portal\/wp-json\/wp\/v2\/media?parent=95"}],"curies":[{"name":"wp","href":"https:\/\/api.w.org\/{rel}","templated":true}]}}