{"id":9,"date":"2009-04-15T09:14:26","date_gmt":"2009-04-15T12:14:26","guid":{"rendered":"http:\/\/www.geotexes.com.br\/site\/?page_id=9"},"modified":"2020-05-13T09:35:43","modified_gmt":"2020-05-13T12:35:43","slug":"contato","status":"publish","type":"page","link":"https:\/\/geotexes.com.br\/portal\/contato\/","title":{"rendered":"Contato"},"content":{"rendered":"<p><strong>Geotex Com\u00e9rcio de Geossint\u00e9ticos Ltda-Me<\/strong><br \/>\nN\u00fameros de contato:<br \/>\n(27) *3227-1000 \/ 3324-8034<br \/>\n(27) 99311-9336 &#8211; Gilmar Gomes<br \/>\n(27) 99916-5801 &#8211; Itazil Pereira<\/p>\n<p>E-mail:\u00a0 <strong><span style=\"color: #3366ff;\">geotex@geotexes.com.br<\/span><\/strong><br \/>\nR. Can\u00e1rio, 463 &#8211; Novo Horizonte &#8211; CEP 29163-314 &#8211; Serra &#8211; ES<\/p>\n<div role=\"form\" class=\"wpcf7\" id=\"wpcf7-f4-o1\" lang=\"en-US\" dir=\"ltr\">\n<div class=\"screen-reader-response\"><p role=\"status\" aria-live=\"polite\" aria-atomic=\"true\"><\/p> <ul><\/ul><\/div>\n<form action=\"\/portal\/wp-json\/wp\/v2\/pages\/9#wpcf7-f4-o1\" method=\"post\" class=\"wpcf7-form init\" novalidate=\"novalidate\" data-status=\"init\">\n<div style=\"display: none;\">\n<input type=\"hidden\" name=\"_wpcf7\" value=\"4\" \/>\n<input type=\"hidden\" name=\"_wpcf7_version\" value=\"5.4\" \/>\n<input type=\"hidden\" name=\"_wpcf7_locale\" value=\"en_US\" \/>\n<input type=\"hidden\" name=\"_wpcf7_unit_tag\" value=\"wpcf7-f4-o1\" \/>\n<input type=\"hidden\" name=\"_wpcf7_container_post\" value=\"0\" \/>\n<input type=\"hidden\" name=\"_wpcf7_posted_data_hash\" value=\"\" \/>\n<input type=\"hidden\" name=\"_wpcf7_recaptcha_response\" value=\"\" \/>\n<\/div>\n<p>Seu nome (requer preenchimento)<br \/>\n    <span class=\"wpcf7-form-control-wrap your-name\"><input type=\"text\" name=\"your-name\" value=\"\" size=\"40\" class=\"wpcf7-form-control wpcf7-text wpcf7-validates-as-required\" aria-required=\"true\" aria-invalid=\"false\" \/><\/span> <\/p>\n<p>Seu e-mail (requer preenchimento)<br \/>\n    <span class=\"wpcf7-form-control-wrap your-email\"><input type=\"email\" name=\"your-email\" value=\"\" size=\"40\" class=\"wpcf7-form-control wpcf7-text wpcf7-email wpcf7-validates-as-required wpcf7-validates-as-email\" aria-required=\"true\" aria-invalid=\"false\" \/><\/span> <\/p>\n<p>Seu n\u00famero de contato (requer preenchimento)<br \/>\n<span class=\"wpcf7-form-control-wrap tel-115\"><input type=\"tel\" name=\"tel-115\" value=\"\" size=\"40\" class=\"wpcf7-form-control wpcf7-text wpcf7-tel wpcf7-validates-as-required wpcf7-validates-as-tel\" aria-required=\"true\" aria-invalid=\"false\" \/><\/span> <\/p>\n<p>Assunto<br \/>\n    <span class=\"wpcf7-form-control-wrap your-subject\"><input type=\"text\" name=\"your-subject\" value=\"\" size=\"40\" class=\"wpcf7-form-control wpcf7-text\" aria-invalid=\"false\" \/><\/span> <\/p>\n<p>Sua mensagem<br \/>\n    <span class=\"wpcf7-form-control-wrap your-message\"><textarea name=\"your-message\" cols=\"40\" rows=\"10\" class=\"wpcf7-form-control wpcf7-textarea\" aria-invalid=\"false\"><\/textarea><\/span> <\/p>\n<span class=\"wpcf7-form-control-wrap recaptcha\" data-name=\"recaptcha\"><span data-sitekey=\"6Lel-J0UAAAAAN4s-wCq9PFJPOlF75ci0IyT7yGA\" class=\"wpcf7-form-control g-recaptcha wpcf7-recaptcha\"><\/span>\r\n<noscript>\r\n\t<div class=\"grecaptcha-noscript\">\r\n\t\t<iframe src=\"https:\/\/www.google.com\/recaptcha\/api\/fallback?k=6Lel-J0UAAAAAN4s-wCq9PFJPOlF75ci0IyT7yGA\" frameborder=\"0\" scrolling=\"no\" width=\"310\" height=\"430\">\r\n\t\t<\/iframe>\r\n\t\t<textarea name=\"g-recaptcha-response\" rows=\"3\" cols=\"40\" placeholder=\"reCaptcha Response Here\">\r\n\t\t<\/textarea>\r\n\t<\/div>\r\n<\/noscript>\r\n<\/span>\n<p><input type=\"submit\" value=\"Enviar\" class=\"wpcf7-form-control wpcf7-submit\" \/><\/p>\n<div class=\"wpcf7-response-output\" aria-hidden=\"true\"><\/div><\/form><\/div>\n","protected":false},"excerpt":{"rendered":"<p>Geotex Com\u00e9rcio de Geossint\u00e9ticos Ltda-Me N\u00fameros de contato: (27) *3227-1000 \/ 3324-8034 (27) 99311-9336 &#8211; Gilmar Gomes (27) 99916-5801 &#8211; Itazil Pereira E-mail:\u00a0 geotex@geotexes.com.br R. Can\u00e1rio, 463 &#8211; Novo Horizonte &#8211; CEP 29163-314 &#8211; Serra &#8211; ES<\/p>\n","protected":false},"author":1,"featured_media":0,"parent":0,"menu_order":2,"comment_status":"closed","ping_status":"closed","template":"","meta":{"neve_meta_sidebar":"full-width","neve_meta_container":"contained","neve_meta_enable_content_width":"off","neve_meta_content_width":0,"neve_meta_title_alignment":"","neve_meta_author_avatar":"","neve_post_elements_order":"","neve_meta_disable_header":"","neve_meta_disable_footer":"","neve_meta_disable_title":"on"},"_links":{"self":[{"href":"https:\/\/geotexes.com.br\/portal\/wp-json\/wp\/v2\/pages\/9"}],"collection":[{"href":"https:\/\/geotexes.com.br\/portal\/wp-json\/wp\/v2\/pages"}],"about":[{"href":"https:\/\/geotexes.com.br\/portal\/wp-json\/wp\/v2\/types\/page"}],"author":[{"embeddable":true,"href":"https:\/\/geotexes.com.br\/portal\/wp-json\/wp\/v2\/users\/1"}],"replies":[{"embeddable":true,"href":"https:\/\/geotexes.com.br\/portal\/wp-json\/wp\/v2\/comments?post=9"}],"version-history":[{"count":0,"href":"https:\/\/geotexes.com.br\/portal\/wp-json\/wp\/v2\/pages\/9\/revisions"}],"wp:attachment":[{"href":"https:\/\/geotexes.com.br\/portal\/wp-json\/wp\/v2\/media?parent=9"}],"curies":[{"name":"wp","href":"https:\/\/api.w.org\/{rel}","templated":true}]}}