{"id":82,"date":"2009-04-17T09:20:28","date_gmt":"2009-04-17T12:20:28","guid":{"rendered":"http:\/\/www.geotexes.com.br\/site\/?page_id=82"},"modified":"2020-04-14T02:02:21","modified_gmt":"2020-04-14T05:02:21","slug":"versatilidade-e-desempenho","status":"publish","type":"page","link":"https:\/\/geotexes.com.br\/portal\/produtos\/bidim\/versatilidade-e-desempenho\/","title":{"rendered":"Fun\u00e7\u00f5es"},"content":{"rendered":"<h2 style=\"text-align: center;\">Versatilidade e Desempenho<\/h2>\n<p style=\"text-align: left;\"><strong>Filtra\u00e7\u00e3o<\/strong><\/p>\n<ul style=\"text-align: justify;\">\n<li>Permite r\u00e1pida percola\u00e7\u00e3o da \u00e1gua, devido \u00e0 sua estrutura porosa e perme\u00e1vel.<\/li>\n<li>Ret\u00e9m de maneira eficaz as part\u00edculas do solo.<\/li>\n<\/ul>\n<p style=\"text-align: left;\"><strong>Separa\u00e7\u00e3o<\/strong><\/p>\n<ul style=\"text-align: justify;\">\n<li>Impede que materiais com diferentes granulometrias se misturem.<\/li>\n<li>Permite o fluxo de \u00e1gua em ambos os sentidos<\/li>\n<\/ul>\n<p style=\"text-align: left;\"><strong>Refor\u00e7o<\/strong><\/p>\n<ul style=\"text-align: justify;\">\n<li>Aumenta a resist\u00eancia da estrutura do aterro\/funda\u00e7\u00e3o.<\/li>\n<li>Garante transmiss\u00e3o dos\u00a0 esfor\u00e7os, devido \u00e0 sua grande capacidade de intera\u00e7\u00e3o com solo.<\/li>\n<\/ul>\n<p style=\"text-align: left;\"><strong>Prote\u00e7\u00e3o<\/strong><\/p>\n<ul style=\"text-align: justify;\">\n<li>Absorve as tens\u00f5es localizadas.<\/li>\n<li>Evita danos ao material protegido.<\/li>\n<li>Alta resist\u00eancia ao puncionamento.<\/li>\n<\/ul>\n<p style=\"text-align: left;\"><strong>Drenagem Planar<\/strong><\/p>\n<ul style=\"text-align: justify;\">\n<li>Permite o escoamento de \u00e1gua e gases no plano da manta.<\/li>\n<li>Alivia as press\u00f5es neutras do solo.<\/li>\n<\/ul>\n","protected":false},"excerpt":{"rendered":"<p>Versatilidade e Desempenho Filtra\u00e7\u00e3o Permite r\u00e1pida percola\u00e7\u00e3o da \u00e1gua, devido \u00e0 sua estrutura porosa e perme\u00e1vel. Ret\u00e9m de maneira eficaz as part\u00edculas do solo. Separa\u00e7\u00e3o Impede que materiais com diferentes granulometrias se misturem. Permite o fluxo de \u00e1gua em ambos os sentidos Refor\u00e7o Aumenta a resist\u00eancia da estrutura do aterro\/funda\u00e7\u00e3o. Garante transmiss\u00e3o dos\u00a0 esfor\u00e7os, devido&hellip;&nbsp;<a href=\"https:\/\/geotexes.com.br\/portal\/produtos\/bidim\/versatilidade-e-desempenho\/\" class=\"\" rel=\"bookmark\">Continue a ler &raquo;<span class=\"screen-reader-text\">Fun\u00e7\u00f5es<\/span><\/a><\/p>\n","protected":false},"author":1,"featured_media":0,"parent":11,"menu_order":0,"comment_status":"closed","ping_status":"closed","template":"","meta":{"neve_meta_sidebar":"","neve_meta_container":"","neve_meta_enable_content_width":"","neve_meta_content_width":0,"neve_meta_title_alignment":"","neve_meta_author_avatar":"","neve_post_elements_order":"","neve_meta_disable_header":"","neve_meta_disable_footer":"","neve_meta_disable_title":""},"_links":{"self":[{"href":"https:\/\/geotexes.com.br\/portal\/wp-json\/wp\/v2\/pages\/82"}],"collection":[{"href":"https:\/\/geotexes.com.br\/portal\/wp-json\/wp\/v2\/pages"}],"about":[{"href":"https:\/\/geotexes.com.br\/portal\/wp-json\/wp\/v2\/types\/page"}],"author":[{"embeddable":true,"href":"https:\/\/geotexes.com.br\/portal\/wp-json\/wp\/v2\/users\/1"}],"replies":[{"embeddable":true,"href":"https:\/\/geotexes.com.br\/portal\/wp-json\/wp\/v2\/comments?post=82"}],"version-history":[{"count":0,"href":"https:\/\/geotexes.com.br\/portal\/wp-json\/wp\/v2\/pages\/82\/revisions"}],"up":[{"embeddable":true,"href":"https:\/\/geotexes.com.br\/portal\/wp-json\/wp\/v2\/pages\/11"}],"wp:attachment":[{"href":"https:\/\/geotexes.com.br\/portal\/wp-json\/wp\/v2\/media?parent=82"}],"curies":[{"name":"wp","href":"https:\/\/api.w.org\/{rel}","templated":true}]}}