{"id":32,"date":"2009-04-15T09:59:46","date_gmt":"2009-04-15T12:59:46","guid":{"rendered":"http:\/\/www.geotexes.com.br\/site\/?page_id=32"},"modified":"2020-04-14T01:44:35","modified_gmt":"2020-04-14T04:44:35","slug":"geotextil-bidim-tecido","status":"publish","type":"page","link":"https:\/\/geotexes.com.br\/portal\/produtos\/bidim\/geotextil-bidim-tecido\/","title":{"rendered":"Geot\u00eaxtil Bidim Tecido"},"content":{"rendered":"<p style=\"text-align: left;\"><a href=\"http:\/\/geotexes.com.br\/portal\/produtos\/bidim\/versatilidade-e-desempenho\/\">Fun\u00e7\u00f5es &#8211; Versatilidade e Desmpenho<\/a><br \/>\n<a href=\"http:\/\/geotexes.com.br\/portal\/produtos\/bidim\/aplicacoes\/\">Aplica\u00e7\u00f5es &#8211; Melhor custo Benef\u00edcio<\/a><\/p>\n<h2 style=\"text-align: center;\"><strong>Bidim TC<\/strong><\/h2>\n<p><strong>Tecido 100% polipropileno.<\/strong><\/p>\n<ul>\n<li>Maior rigidez.<\/li>\n<li>Elevada resist\u00eancia mec\u00e2nica.<\/li>\n<li>Material sint\u00e9tico imputresc\u00edvel.<\/li>\n<li>Resistente aos agentes qu\u00edmicos.<\/li>\n<li>Resist\u00eantes aos raios UVa e\u00a0 UVb.<\/li>\n<\/ul>\n<h2 style=\"text-align: center;\"><strong>Vantagens<\/strong><\/h2>\n<ul>\n<li>Elevada resist\u00eancia \u00e1 tra\u00e7\u00e3o, permitindo o uso nos mais diversos projetos de refor\u00e7o.<\/li>\n<li>Baixa deforma\u00e7\u00e3o na ruptura, torna o Bidim tecido adequado para os mais diversos projetos de refor\u00e7o de solos.<\/li>\n<li>Permeabilidade adequada para os projetos de separa\u00e7\u00e3o.<\/li>\n<li>Superf\u00edcie delgada que o leva a ser uma \u00f3tima op\u00e7\u00e3o para aterros sanit\u00e1rios.<\/li>\n<li>100% polipropileno, tem uma excelente resist\u00eancia a ataques qu\u00edmicos.<\/li>\n<\/ul>\n","protected":false},"excerpt":{"rendered":"<p>Fun\u00e7\u00f5es &#8211; Versatilidade e Desmpenho Aplica\u00e7\u00f5es &#8211; Melhor custo Benef\u00edcio Bidim TC Tecido 100% polipropileno. Maior rigidez. Elevada resist\u00eancia mec\u00e2nica. Material sint\u00e9tico imputresc\u00edvel. Resistente aos agentes qu\u00edmicos. Resist\u00eantes aos raios UVa e\u00a0 UVb. Vantagens Elevada resist\u00eancia \u00e1 tra\u00e7\u00e3o, permitindo o uso nos mais diversos projetos de refor\u00e7o. Baixa deforma\u00e7\u00e3o na ruptura, torna o Bidim tecido&hellip;&nbsp;<a href=\"https:\/\/geotexes.com.br\/portal\/produtos\/bidim\/geotextil-bidim-tecido\/\" class=\"\" rel=\"bookmark\">Continue a ler &raquo;<span class=\"screen-reader-text\">Geot\u00eaxtil Bidim Tecido<\/span><\/a><\/p>\n","protected":false},"author":1,"featured_media":0,"parent":11,"menu_order":0,"comment_status":"closed","ping_status":"closed","template":"","meta":{"neve_meta_sidebar":"","neve_meta_container":"","neve_meta_enable_content_width":"","neve_meta_content_width":0,"neve_meta_title_alignment":"","neve_meta_author_avatar":"","neve_post_elements_order":"","neve_meta_disable_header":"","neve_meta_disable_footer":"","neve_meta_disable_title":""},"_links":{"self":[{"href":"https:\/\/geotexes.com.br\/portal\/wp-json\/wp\/v2\/pages\/32"}],"collection":[{"href":"https:\/\/geotexes.com.br\/portal\/wp-json\/wp\/v2\/pages"}],"about":[{"href":"https:\/\/geotexes.com.br\/portal\/wp-json\/wp\/v2\/types\/page"}],"author":[{"embeddable":true,"href":"https:\/\/geotexes.com.br\/portal\/wp-json\/wp\/v2\/users\/1"}],"replies":[{"embeddable":true,"href":"https:\/\/geotexes.com.br\/portal\/wp-json\/wp\/v2\/comments?post=32"}],"version-history":[{"count":0,"href":"https:\/\/geotexes.com.br\/portal\/wp-json\/wp\/v2\/pages\/32\/revisions"}],"up":[{"embeddable":true,"href":"https:\/\/geotexes.com.br\/portal\/wp-json\/wp\/v2\/pages\/11"}],"wp:attachment":[{"href":"https:\/\/geotexes.com.br\/portal\/wp-json\/wp\/v2\/media?parent=32"}],"curies":[{"name":"wp","href":"https:\/\/api.w.org\/{rel}","templated":true}]}}