{"id":26,"date":"2009-04-15T09:54:14","date_gmt":"2009-04-15T12:54:14","guid":{"rendered":"http:\/\/www.geotexes.com.br\/site\/?page_id=26"},"modified":"2020-04-14T01:54:47","modified_gmt":"2020-04-14T04:54:47","slug":"kanadren-sw","status":"publish","type":"page","link":"https:\/\/geotexes.com.br\/portal\/produtos\/kanaflex\/kanadren-sw\/","title":{"rendered":"Kanadren SW"},"content":{"rendered":"<ul>\n<li><strong>Elevada capta\u00e7\u00e3o de l\u00edquidos.<\/strong><\/li>\n<li><strong>Excelente raio de curvatura.<\/strong><\/li>\n<li><strong>Fabricado em PEAD.<\/strong><\/li>\n<li><strong>Grande facilidade na Instala\u00e7\u00e3o.<\/strong><\/li>\n<li><strong>Leve, flexivel e econ\u00f4mico<\/strong>.<\/li>\n<\/ul>\n<p style=\"text-align: justify;\"><strong>KANADREN <\/strong>tem como fun\u00e7\u00e3o garantir um r\u00e1pido escoamento do excesso de \u00e1gua infiltrada no solo. atrav\u00e9s de seus orif\u00edcios que possibilitam a penetra\u00e7\u00e3o do liquido no interior do tubo,permitindo um escoamento r\u00e1pido.<\/p>\n<table id=\"AutoNumber4\" style=\"border-collapse: collapse\" border=\"1\" cellspacing=\"0\" cellpadding=\"0\" width=\"100%\" bordercolor=\"#111111\">\n<tbody>\n<tr>\n<td width=\"25%\" align=\"center\"><strong>Di\u00e2metro Nominal (mm)<\/strong><\/td>\n<td width=\"25%\" align=\"center\"><strong>D.E (mm)<\/strong><\/td>\n<td width=\"25%\" align=\"center\"><strong>D.I (mm)<\/strong><\/td>\n<td width=\"25%\" align=\"center\"><strong>\u00c1rea aberta (cm2\/m)<\/strong><\/td>\n<\/tr>\n<tr>\n<td width=\"25%\" align=\"center\">65<\/td>\n<td width=\"25%\" align=\"center\">67,0 (+-1,5)<\/td>\n<td width=\"25%\" align=\"center\">59,5 (+- 1,5)<\/td>\n<td width=\"25%\" align=\"center\">80<\/td>\n<\/tr>\n<tr>\n<td width=\"25%\" align=\"center\">110<\/td>\n<td width=\"25%\" align=\"center\">111,0 (+-1,0)<\/td>\n<td width=\"25%\" align=\"center\">96,0 (+- 1,0)<\/td>\n<td width=\"25%\" align=\"center\">85<\/td>\n<\/tr>\n<tr>\n<td width=\"25%\" align=\"center\">160<\/td>\n<td width=\"25%\" align=\"center\">161,0 (+-1,0)<\/td>\n<td width=\"25%\" align=\"center\">138,0(+-1,0)<\/td>\n<td width=\"25%\" align=\"center\">120<\/td>\n<\/tr>\n<\/tbody>\n<\/table>\n","protected":false},"excerpt":{"rendered":"<p>Elevada capta\u00e7\u00e3o de l\u00edquidos. Excelente raio de curvatura. Fabricado em PEAD. Grande facilidade na Instala\u00e7\u00e3o. Leve, flexivel e econ\u00f4mico. KANADREN tem como fun\u00e7\u00e3o garantir um r\u00e1pido escoamento do excesso de \u00e1gua infiltrada no solo. atrav\u00e9s de seus orif\u00edcios que possibilitam a penetra\u00e7\u00e3o do liquido no interior do tubo,permitindo um escoamento r\u00e1pido. Di\u00e2metro Nominal (mm) D.E&hellip;&nbsp;<a href=\"https:\/\/geotexes.com.br\/portal\/produtos\/kanaflex\/kanadren-sw\/\" class=\"\" rel=\"bookmark\">Continue a ler &raquo;<span class=\"screen-reader-text\">Kanadren SW<\/span><\/a><\/p>\n","protected":false},"author":1,"featured_media":0,"parent":19,"menu_order":0,"comment_status":"closed","ping_status":"closed","template":"","meta":{"neve_meta_sidebar":"","neve_meta_container":"","neve_meta_enable_content_width":"","neve_meta_content_width":0,"neve_meta_title_alignment":"","neve_meta_author_avatar":"","neve_post_elements_order":"","neve_meta_disable_header":"","neve_meta_disable_footer":"","neve_meta_disable_title":""},"_links":{"self":[{"href":"https:\/\/geotexes.com.br\/portal\/wp-json\/wp\/v2\/pages\/26"}],"collection":[{"href":"https:\/\/geotexes.com.br\/portal\/wp-json\/wp\/v2\/pages"}],"about":[{"href":"https:\/\/geotexes.com.br\/portal\/wp-json\/wp\/v2\/types\/page"}],"author":[{"embeddable":true,"href":"https:\/\/geotexes.com.br\/portal\/wp-json\/wp\/v2\/users\/1"}],"replies":[{"embeddable":true,"href":"https:\/\/geotexes.com.br\/portal\/wp-json\/wp\/v2\/comments?post=26"}],"version-history":[{"count":0,"href":"https:\/\/geotexes.com.br\/portal\/wp-json\/wp\/v2\/pages\/26\/revisions"}],"up":[{"embeddable":true,"href":"https:\/\/geotexes.com.br\/portal\/wp-json\/wp\/v2\/pages\/19"}],"wp:attachment":[{"href":"https:\/\/geotexes.com.br\/portal\/wp-json\/wp\/v2\/media?parent=26"}],"curies":[{"name":"wp","href":"https:\/\/api.w.org\/{rel}","templated":true}]}}