{"id":24,"date":"2009-04-15T09:51:31","date_gmt":"2009-04-15T12:51:31","guid":{"rendered":"http:\/\/www.geotexes.com.br\/site\/?page_id=24"},"modified":"2020-04-14T01:55:15","modified_gmt":"2020-04-14T04:55:15","slug":"kananet","status":"publish","type":"page","link":"https:\/\/geotexes.com.br\/portal\/produtos\/kanaflex\/kananet\/","title":{"rendered":"Kananet"},"content":{"rendered":"<p>Toda obra que se constr\u00f3i para ter sucesso por muitos anos, precisa ter tecnologia arrojada do tubo Dreno KANANET (Geotubo).<\/p>\n<ul>\n<li>Elevada Capta\u00e7\u00e3o de l\u00edquido.<\/li>\n<li>Grande Leveza<\/li>\n<li>Super Resistente<\/li>\n<li>Excelente Raio de Curvatura<\/li>\n<li>Fabricado em PEAD<\/li>\n<\/ul>\n<p>Como prova de que voc\u00ea est\u00e1 investindo em moderniza\u00e7\u00e3o e tecnologia, o Tubo Dreno KANANET proporciona significativamente economia na realiza\u00e7\u00e3o da obra, al\u00e9m da grande facilidade na instala\u00e7\u00e3o.<\/p>\n<p><strong>PRINCIPAIS UTILZA\u00c7\u00d5ES:<\/strong><\/p>\n<ul>\n<li>Aeroportos<\/li>\n<li>Aterros<\/li>\n<li>Barragens e diques<\/li>\n<li>Campos e pistas esportivas<\/li>\n<li>Dispers\u00e3o de efluentes de esgotos<\/li>\n<li>Drenagem agr\u00edcola<\/li>\n<li>Ferrovias<\/li>\n<li>Obras de conten\u00e7\u00e3o<\/li>\n<li>Parques e jardins<\/li>\n<\/ul>\n<ul>\n<li>P\u00e1tios e estacionamentos<\/li>\n<li>Rodovias<\/li>\n<li>Subsolos<\/li>\n<li>Valas de absor\u00e7\u00e3o<\/li>\n<\/ul>\n<table id=\"AutoNumber1\" style=\"border-collapse: collapse; border-bottom-width: 0pt; height: 177px;\" border=\"1\" cellspacing=\"0\" cellpadding=\"0\" width=\"100%\" bordercolor=\"#111111\">\n<tbody>\n<tr>\n<td style=\"border-left-color: #111111; border-left-width: 1; border-right-color: #111111; border-right-width: 1; border-top-color: #111111; border-top-width: 1\" colspan=\"8\" width=\"100%\" height=\"19\">\n<p align=\"center\"><strong>TUBOS DRENOS KANANET &#8211; Medidas Padr\u00e3o<\/strong><\/p>\n<\/td>\n<\/tr>\n<tr>\n<td style=\"border-left: 1px solid #111111; border-right-style: solid; border-right-width: 1; border-top-style: solid; border-top-width: 1; border-bottom-style: solid; border-bottom-width: 1\" colspan=\"2\" width=\"24%\" height=\"38\">\n<p align=\"center\">Di\u00e2metro Nominal<\/p>\n<\/td>\n<td style=\"border-style: solid; border-width: 1\" width=\"12%\" height=\"38\">\n<p align=\"center\">Di\u00e2metro externo(mm)<\/p>\n<\/td>\n<td style=\"border-style: solid; border-width: 1\" width=\"12%\" height=\"38\">\n<p align=\"center\">Di\u00e2metro interno(mm)<\/p>\n<\/td>\n<td style=\"border-style: solid; border-width: 1\" width=\"14%\" height=\"38\">\n<p align=\"center\">\u00c1rea Aberta(cm2\/m)<\/p>\n<\/td>\n<td style=\"border-left-style: solid; border-left-width: 1; border-right: 1px solid #111111; border-top-style: solid; border-top-width: 1; border-bottom-style: solid; border-bottom-width: 1\" colspan=\"3\" width=\"38%\" height=\"38\">\n<p align=\"center\">FORNECIMENTO<\/p>\n<\/td>\n<\/tr>\n<tr>\n<td style=\"border-left: 1px solid #111111; border-right-style: solid; border-right-width: 1; border-bottom-style: solid; border-bottom-width: 1\" width=\"12%\" height=\"19\" align=\"center\">Pol.<\/td>\n<td style=\"border-left-style: solid; border-left-width: 1; border-right-style: solid; border-right-width: 1; border-bottom-style: solid; border-bottom-width: 1\" width=\"12%\" height=\"19\" align=\"center\">mm<\/td>\n<td style=\"border-left-style: solid; border-left-width: 1; border-right-style: solid; border-right-width: 1; border-bottom-style: solid; border-bottom-width: 1\" width=\"12%\" height=\"19\" align=\"center\">67,0<\/td>\n<td style=\"border-left-style: solid; border-left-width: 1; border-right-style: solid; border-right-width: 1; border-bottom-style: solid; border-bottom-width: 1\" width=\"12%\" height=\"19\" align=\"center\">59,5<\/td>\n<td style=\"border-left-style: solid; border-left-width: 1; border-right-style: solid; border-right-width: 1; border-bottom-style: solid; border-bottom-width: 1\" width=\"14%\" height=\"19\" align=\"center\">80,0<\/td>\n<td style=\"border-left-style: solid; border-left-width: 1; border-right-style: solid; border-right-width: 1; border-bottom-style: solid; border-bottom-width: 1\" colspan=\"2\" width=\"25%\" height=\"19\" align=\"center\">\n<p align=\"center\">Barras(m)<\/p>\n<\/td>\n<td style=\"border-left-style: solid; border-left-width: 1; border-right-color: #111111; border-right-width: 1; border-bottom-style: solid; border-bottom-width: 1\" width=\"13%\" height=\"19\" align=\"center\">\n<p align=\"center\">Rolos(m)<\/p>\n<\/td>\n<\/tr>\n<tr>\n<td style=\"border-left: 1px solid #111111; border-right-style: solid; border-right-width: 1; border-top-style: solid; border-top-width: 1; border-bottom-style: solid; border-bottom-width: 1\" width=\"12%\" height=\"19\" align=\"center\">2.1\/2&#8243;<\/td>\n<td style=\"border-style: solid; border-width: 1\" width=\"12%\" height=\"19\" align=\"center\">65<\/td>\n<td style=\"border-style: solid; border-width: 1\" width=\"12%\" height=\"19\" align=\"center\">80,0<\/td>\n<td style=\"border-left-style: solid; border-left-width: 1; border-right-style: solid; border-right-width: 1; border-top-style: solid; border-top-width: 1\" width=\"12%\" height=\"19\" align=\"center\">67,0<\/td>\n<td style=\"border-left-style: solid; border-left-width: 1; border-right-style: solid; border-right-width: 1; border-top-style: solid; border-top-width: 1\" width=\"14%\" height=\"19\" align=\"center\">110,0<\/td>\n<td style=\"border-left-style: solid; border-left-width: 1; border-right-style: solid; border-right-width: 1; border-top-style: solid; border-top-width: 1\" width=\"12%\" height=\"19\" align=\"center\">06<\/td>\n<td style=\"border-left-style: solid; border-left-width: 1; border-right-style: solid; border-right-width: 1; border-top-style: solid; border-top-width: 1\" width=\"13%\" height=\"19\" align=\"center\">12<\/td>\n<td style=\"border-left-style: solid; border-left-width: 1; border-right-color: #111111; border-right-width: 1; border-top-style: solid; border-top-width: 1; border-bottom-style: solid; border-bottom-width: 1\" width=\"13%\" height=\"19\" align=\"center\">50<\/td>\n<\/tr>\n<tr>\n<td style=\"border-left: 1px solid #111111\" width=\"12%\" height=\"19\" align=\"center\">3&#8243;<\/td>\n<td width=\"12%\" height=\"19\" align=\"center\">80<\/td>\n<td width=\"12%\" height=\"19\" align=\"center\">101,0<\/td>\n<td width=\"12%\" height=\"19\" align=\"center\">83,0<\/td>\n<td width=\"14%\" height=\"19\" align=\"center\">130,0<\/td>\n<td width=\"12%\" height=\"19\" align=\"center\">06<\/td>\n<td width=\"13%\" height=\"19\" align=\"center\">12<\/td>\n<td style=\"border-right-color: #111111; border-right-width: 1; border-top-style: solid; border-top-width: 1; border-bottom-style: solid; border-bottom-width: 1\" width=\"13%\" height=\"19\" align=\"center\">50<\/td>\n<\/tr>\n<tr>\n<td style=\"border-left: 1px solid #111111\" width=\"12%\" height=\"19\" align=\"center\">4&#8243;<\/td>\n<td width=\"12%\" height=\"19\" align=\"center\">100<\/td>\n<td style=\"border-bottom-style: solid; border-bottom-width: 1\" width=\"12%\" height=\"19\" align=\"center\">169,0<\/td>\n<td style=\"border-bottom-style: solid; border-bottom-width: 1\" width=\"12%\" height=\"19\" align=\"center\">149,0<\/td>\n<td style=\"border-bottom-style: solid; border-bottom-width: 1\" width=\"14%\" height=\"19\" align=\"center\">190,0<\/td>\n<td width=\"12%\" height=\"19\" align=\"center\">06<\/td>\n<td width=\"13%\" height=\"19\" align=\"center\">12<\/td>\n<td style=\"border-right-color: #111111; border-right-width: 1; border-top-style: solid; border-top-width: 1; border-bottom-style: solid; border-bottom-width: 1\" width=\"13%\" height=\"19\" align=\"center\">50<\/td>\n<\/tr>\n<tr>\n<td style=\"border-left: 1px solid #111111\" width=\"12%\" height=\"19\" align=\"center\">6&#8243;<\/td>\n<td style=\"border-right-style: solid; border-right-width: 1; border-bottom-style: solid; border-bottom-width: 1\" width=\"12%\" height=\"19\" align=\"center\">170<\/td>\n<td style=\"border-left-style: solid; border-left-width: 1; border-top-style: solid; border-top-width: 1; border-bottom-style: solid; border-bottom-width: 1\" width=\"12%\" height=\"19\" align=\"center\">230,0<\/td>\n<td style=\"border-top-style: solid; border-top-width: 1; border-bottom-style: solid; border-bottom-width: 1\" width=\"12%\" height=\"19\" align=\"center\">199,0<\/td>\n<td style=\"border-right-style: solid; border-right-width: 1; border-top-style: solid; border-top-width: 1; border-bottom-style: solid; border-bottom-width: 1\" width=\"14%\" height=\"19\" align=\"center\">240,0<\/td>\n<td style=\"border-left-style: solid; border-left-width: 1; border-bottom-style: solid; border-bottom-width: 1\" width=\"12%\" height=\"19\" align=\"center\">06<\/td>\n<td width=\"13%\" height=\"19\" align=\"center\">12<\/td>\n<td style=\"border-right-color: #111111; border-right-width: 1; border-top-style: solid; border-top-width: 1; border-bottom-style: solid; border-bottom-width: 1\" width=\"13%\" height=\"19\" align=\"center\">x<\/td>\n<\/tr>\n<tr>\n<td style=\"border-left-color: #111111; border-left-width: 1; border-bottom: 1px solid #111111\" width=\"12%\" height=\"18\" align=\"center\">8&#8242;<\/td>\n<td style=\"border-top-style: solid; border-top-width: 1; border-bottom-color: #111111\" width=\"12%\" height=\"18\" align=\"center\">230<\/td>\n<td style=\"border-left-style: solid; border-left-width: 1; border-right-style: solid; border-right-width: 1; border-top-style: solid; border-top-width: 1\" colspan=\"3\" width=\"38%\" height=\"18\" align=\"center\"><\/td>\n<td style=\"border-top-style: solid; border-top-width: 1; border-bottom-color: #111111\" width=\"12%\" height=\"18\" align=\"center\">06<\/td>\n<td style=\"border-right-style: solid; border-right-width: 1; border-bottom: 1px solid #111111\" width=\"13%\" height=\"18\" align=\"center\">12<\/td>\n<td style=\"border-left-style: solid; border-left-width: 1; border-right-color: #111111; border-right-width: 1; border-top-style: solid; border-top-width: 1; border-bottom: 1px solid #111111\" width=\"13%\" height=\"18\" align=\"center\">x<\/td>\n<\/tr>\n<\/tbody>\n<\/table>\n<table id=\"AutoNumber2\" style=\"border-collapse: collapse\" border=\"1\" cellspacing=\"0\" cellpadding=\"0\" width=\"100%\" bordercolor=\"#111111\">\n<tbody>\n<tr>\n<td colspan=\"11\" width=\"100%\">\n<p align=\"center\"><strong>TUBOS DRENOS KANANET &#8211; VAZ\u00d5ES E VELOCIDADE DE FLUXO<\/strong><\/p>\n<\/td>\n<\/tr>\n<tr>\n<td width=\"9%\"><\/td>\n<td colspan=\"2\" width=\"18%\" align=\"center\">\n<p align=\"center\">2.1\/2&#8221;(DN80)<\/p>\n<\/td>\n<td colspan=\"2\" width=\"18%\" align=\"center\">3&#8243;(DN80)<\/td>\n<td colspan=\"2\" width=\"18%\" align=\"center\">4&#8243;(DN100)<\/td>\n<td colspan=\"2\" width=\"18%\" align=\"center\">6&#8243;DN(170)<\/td>\n<td colspan=\"2\" width=\"19%\" align=\"center\">\n<p align=\"center\">8&#8243;(DN230)<\/p>\n<\/td>\n<\/tr>\n<tr>\n<td width=\"9%\" align=\"center\">1%<\/td>\n<td width=\"9%\" align=\"center\">V(m\/s)<\/td>\n<td width=\"9%\" align=\"center\">Q(l\/s)<\/td>\n<td width=\"9%\" align=\"center\">V(m\/s)<\/td>\n<td width=\"9%\" align=\"center\">Q(l\/s)<\/td>\n<td width=\"9%\" align=\"center\">V(m\/s)<\/td>\n<td width=\"9%\" align=\"center\">Q(l\/s)<\/td>\n<td width=\"9%\" align=\"center\">V(m\/s)<\/td>\n<td width=\"9%\" align=\"center\">Q(l\/s)<\/td>\n<td width=\"9%\" align=\"center\">V(m\/s)<\/td>\n<td width=\"10%\" align=\"center\">Q(l\/s)<\/td>\n<\/tr>\n<tr>\n<td width=\"9%\" align=\"center\">5,0<\/td>\n<td width=\"9%\" align=\"center\">0,92<\/td>\n<td width=\"9%\" align=\"center\">2,48<\/td>\n<td width=\"9%\" align=\"center\">0,98<\/td>\n<td width=\"9%\" align=\"center\">3,26<\/td>\n<td width=\"9%\" align=\"center\">1,14<\/td>\n<td width=\"9%\" align=\"center\">5,83<\/td>\n<td width=\"9%\" align=\"center\">1,70<\/td>\n<td width=\"9%\" align=\"center\">28,70<\/td>\n<td width=\"9%\" align=\"center\">2,07<\/td>\n<td width=\"10%\" align=\"center\">62,56<\/td>\n<\/tr>\n<tr>\n<td width=\"9%\" align=\"center\">4,0<\/td>\n<td width=\"9%\" align=\"center\">0,82<\/td>\n<td width=\"9%\" align=\"center\">2,21<\/td>\n<td width=\"9%\" align=\"center\">0,88<\/td>\n<td width=\"9%\" align=\"center\">2,92<\/td>\n<td width=\"9%\" align=\"center\">1,00<\/td>\n<td width=\"9%\" align=\"center\">5,21<\/td>\n<td width=\"9%\" align=\"center\">1,52<\/td>\n<td width=\"9%\" align=\"center\">25,67<\/td>\n<td width=\"9%\" align=\"center\">1,85<\/td>\n<td width=\"10%\" align=\"center\">55,96<\/td>\n<\/tr>\n<tr>\n<td width=\"9%\" align=\"center\">3,0<\/td>\n<td width=\"9%\" align=\"center\">0,71<\/td>\n<td width=\"9%\" align=\"center\">1,91<\/td>\n<td width=\"9%\" align=\"center\">0,76<\/td>\n<td width=\"9%\" align=\"center\">2,53<\/td>\n<td width=\"9%\" align=\"center\">0,88<\/td>\n<td width=\"9%\" align=\"center\">4,51<\/td>\n<td width=\"9%\" align=\"center\">1,32<\/td>\n<td width=\"9%\" align=\"center\">22,23<\/td>\n<td width=\"9%\" align=\"center\">1,60<\/td>\n<td width=\"10%\" align=\"center\">48,46<\/td>\n<\/tr>\n<tr>\n<td width=\"9%\" align=\"center\">2,0<\/td>\n<td width=\"9%\" align=\"center\">0,58<\/td>\n<td width=\"9%\" align=\"center\">1,56<\/td>\n<td width=\"9%\" align=\"center\">0,62<\/td>\n<td width=\"9%\" align=\"center\">2,01<\/td>\n<td width=\"9%\" align=\"center\">0,72<\/td>\n<td width=\"9%\" align=\"center\">3,68<\/td>\n<td width=\"9%\" align=\"center\">1,07<\/td>\n<td width=\"9%\" align=\"center\">18,15<\/td>\n<td width=\"9%\" align=\"center\">1,31<\/td>\n<td width=\"10%\" align=\"center\">39,57<\/td>\n<\/tr>\n<tr>\n<td width=\"9%\" align=\"center\">1,0<\/td>\n<td width=\"9%\" align=\"center\">0,41<\/td>\n<td width=\"9%\" align=\"center\">1,10<\/td>\n<td width=\"9%\" align=\"center\">0,44<\/td>\n<td width=\"9%\" align=\"center\">1,46<\/td>\n<td width=\"9%\" align=\"center\">0,51<\/td>\n<td width=\"9%\" align=\"center\">2,60<\/td>\n<td width=\"9%\" align=\"center\">0,76<\/td>\n<td width=\"9%\" align=\"center\">12,83<\/td>\n<td width=\"9%\" align=\"center\">0,92<\/td>\n<td width=\"10%\" align=\"center\">27,98<\/td>\n<\/tr>\n<tr>\n<td width=\"9%\" align=\"center\">0,5<\/td>\n<td width=\"9%\" align=\"center\">0,29<\/td>\n<td width=\"9%\" align=\"center\">0,78<\/td>\n<td width=\"9%\" align=\"center\">0,31<\/td>\n<td width=\"9%\" align=\"center\">1,03<\/td>\n<td width=\"9%\" align=\"center\">0,36<\/td>\n<td width=\"9%\" align=\"center\">1,84<\/td>\n<td width=\"9%\" align=\"center\">0,54<\/td>\n<td width=\"9%\" align=\"center\">9,07<\/td>\n<td width=\"9%\" align=\"center\">0,65<\/td>\n<td width=\"10%\" align=\"center\">19,78<\/td>\n<\/tr>\n<tr>\n<td width=\"9%\" align=\"center\">0,4<\/td>\n<td width=\"9%\" align=\"center\">0,26<\/td>\n<td width=\"9%\" align=\"center\">0,70<\/td>\n<td width=\"9%\" align=\"center\">0,28<\/td>\n<td width=\"9%\" align=\"center\">0,92<\/td>\n<td width=\"9%\" align=\"center\">0,32<\/td>\n<td width=\"9%\" align=\"center\">1,65<\/td>\n<td width=\"9%\" align=\"center\">0,48<\/td>\n<td width=\"9%\" align=\"center\">8,12<\/td>\n<td width=\"9%\" align=\"center\">0,58<\/td>\n<td width=\"10%\" align=\"center\">17,69<\/td>\n<\/tr>\n<tr>\n<td width=\"9%\" align=\"center\">0,3<\/td>\n<td width=\"9%\" align=\"center\">0,22<\/td>\n<td width=\"9%\" align=\"center\">0,59<\/td>\n<td width=\"9%\" align=\"center\">0,24<\/td>\n<td width=\"9%\" align=\"center\">0,80<\/td>\n<td width=\"9%\" align=\"center\">0,28<\/td>\n<td width=\"9%\" align=\"center\">1,43<\/td>\n<td width=\"9%\" align=\"center\">0,42<\/td>\n<td width=\"9%\" align=\"center\">7,03<\/td>\n<td width=\"9%\" align=\"center\">0,51<\/td>\n<td width=\"10%\" align=\"center\">15,32<\/td>\n<\/tr>\n<tr>\n<td width=\"9%\" align=\"center\">0,2<\/td>\n<td width=\"9%\" align=\"center\">0,18<\/td>\n<td width=\"9%\" align=\"center\">0,48<\/td>\n<td width=\"9%\" align=\"center\">0,20<\/td>\n<td width=\"9%\" align=\"center\">0,65<\/td>\n<td width=\"9%\" align=\"center\">0,23<\/td>\n<td width=\"9%\" align=\"center\">1,17<\/td>\n<td width=\"9%\" align=\"center\">0,34<\/td>\n<td width=\"9%\" align=\"center\">5,74<\/td>\n<td width=\"9%\" align=\"center\">0,41<\/td>\n<td width=\"10%\" align=\"center\">12,51<\/td>\n<\/tr>\n<tr>\n<td width=\"9%\" align=\"center\">0,1<\/td>\n<td width=\"9%\" align=\"center\">0,13<\/td>\n<td width=\"9%\" align=\"center\">0,35<\/td>\n<td width=\"9%\" align=\"center\">0,14<\/td>\n<td width=\"9%\" align=\"center\">0,46<\/td>\n<td width=\"9%\" align=\"center\">0,16<\/td>\n<td width=\"9%\" align=\"center\">0,82<\/td>\n<td width=\"9%\" align=\"center\">0,24<\/td>\n<td width=\"9%\" align=\"center\">4,06<\/td>\n<td width=\"9%\" align=\"center\">0,29<\/td>\n<td width=\"10%\" align=\"center\">8,85<\/td>\n<\/tr>\n<\/tbody>\n<\/table>\n","protected":false},"excerpt":{"rendered":"<p>Toda obra que se constr\u00f3i para ter sucesso por muitos anos, precisa ter tecnologia arrojada do tubo Dreno KANANET (Geotubo). Elevada Capta\u00e7\u00e3o de l\u00edquido. Grande Leveza Super Resistente Excelente Raio de Curvatura Fabricado em PEAD Como prova de que voc\u00ea est\u00e1 investindo em moderniza\u00e7\u00e3o e tecnologia, o Tubo Dreno KANANET proporciona significativamente economia na realiza\u00e7\u00e3o&hellip;&nbsp;<a href=\"https:\/\/geotexes.com.br\/portal\/produtos\/kanaflex\/kananet\/\" class=\"\" rel=\"bookmark\">Continue a ler &raquo;<span class=\"screen-reader-text\">Kananet<\/span><\/a><\/p>\n","protected":false},"author":1,"featured_media":0,"parent":19,"menu_order":0,"comment_status":"closed","ping_status":"closed","template":"","meta":{"neve_meta_sidebar":"","neve_meta_container":"","neve_meta_enable_content_width":"","neve_meta_content_width":0,"neve_meta_title_alignment":"","neve_meta_author_avatar":"","neve_post_elements_order":"","neve_meta_disable_header":"","neve_meta_disable_footer":"","neve_meta_disable_title":""},"_links":{"self":[{"href":"https:\/\/geotexes.com.br\/portal\/wp-json\/wp\/v2\/pages\/24"}],"collection":[{"href":"https:\/\/geotexes.com.br\/portal\/wp-json\/wp\/v2\/pages"}],"about":[{"href":"https:\/\/geotexes.com.br\/portal\/wp-json\/wp\/v2\/types\/page"}],"author":[{"embeddable":true,"href":"https:\/\/geotexes.com.br\/portal\/wp-json\/wp\/v2\/users\/1"}],"replies":[{"embeddable":true,"href":"https:\/\/geotexes.com.br\/portal\/wp-json\/wp\/v2\/comments?post=24"}],"version-history":[{"count":0,"href":"https:\/\/geotexes.com.br\/portal\/wp-json\/wp\/v2\/pages\/24\/revisions"}],"up":[{"embeddable":true,"href":"https:\/\/geotexes.com.br\/portal\/wp-json\/wp\/v2\/pages\/19"}],"wp:attachment":[{"href":"https:\/\/geotexes.com.br\/portal\/wp-json\/wp\/v2\/media?parent=24"}],"curies":[{"name":"wp","href":"https:\/\/api.w.org\/{rel}","templated":true}]}}