{"id":20,"date":"2009-04-15T09:17:15","date_gmt":"2009-04-15T12:17:15","guid":{"rendered":"http:\/\/www.geotexes.com.br\/site\/?page_id=20"},"modified":"2020-04-14T01:55:39","modified_gmt":"2020-04-14T04:55:39","slug":"muros-terrae","status":"publish","type":"page","link":"https:\/\/geotexes.com.br\/portal\/produtos\/muros-terrae\/","title":{"rendered":"Muros Terrae"},"content":{"rendered":"<p><strong>TECNOLOGIA<\/strong><\/p>\n<p style=\"text-align: justify;\">Muros Terrae s\u00e3o sistemas construtivos de muros de conten\u00e7\u00e3o em solos refor\u00e7ados com geogrelhas Fortrac (aterros) ou grampos em a\u00e7o (cortes) e face em Blocos Segmentais em concreto estrutural. O sistema permite uma constru\u00e7\u00e3o r\u00e1pida e um excelente acabamento est\u00e1tico. Os Muros Terrae possuem desempenho comprovado em estudos de pesquisa e em centenas de obras realizadas em todo o Brasil e no exterior para as mais diversas aplica\u00e7\u00f5es.<\/p>\n<p style=\"text-align: justify;\">\n<p style=\"text-align: justify;\"><strong>CARACTER\u00cdSTICAS<\/strong><\/p>\n<ul>\n<li>Constru\u00e7\u00e3o a seco(sem usos de concreto)<\/li>\n<li>Rapidez e simplicidade do m\u00e9todo executivo<\/li>\n<li>Versatilidade na execu\u00e7\u00e3o de patamares, curvas e cantos<\/li>\n<li>Sistema auto-drenante<\/li>\n<li>Melhor aspecto est\u00e9tico da obra final<\/li>\n<li>Utiliza\u00e7\u00e3o do pr\u00f3prio solo local como aterro<\/li>\n<li>Diminui\u00e7\u00e3o de entulho na obra<\/li>\n<li>Pequenas deforma\u00e7\u00f5es<\/li>\n<li>Conex\u00e3o bloco-geogrelha certificada<\/li>\n<\/ul>\n<p>[nggallery id=5]<\/p>\n<p><strong>ESPECIFICA\u00c7\u00d5ES T\u00c9CNICAS<\/strong><\/p>\n<table id=\"AutoNumber5\" style=\"border-collapse: collapse; height: 280px;\" border=\"1\" cellspacing=\"0\" cellpadding=\"0\" width=\"100%\" bordercolor=\"#111111\">\n<tbody>\n<tr>\n<td width=\"14%\" height=\"19\" align=\"center\"><\/td>\n<td width=\"14%\" height=\"19\" align=\"center\"><strong>Unidade <\/strong><\/td>\n<td width=\"14%\" height=\"19\" align=\"center\"><strong>Bloco F<\/strong><\/td>\n<td width=\"14%\" height=\"19\" align=\"center\"><strong>Bloco W<\/strong><\/td>\n<td width=\"14%\" height=\"19\" align=\"center\"><strong>Bloco MW<\/strong><\/td>\n<td width=\"15%\" height=\"19\" align=\"center\"><strong>Bloco LF<\/strong><\/td>\n<td width=\"15%\" height=\"19\" align=\"center\"><strong>Bloco LW<\/strong><\/td>\n<\/tr>\n<tr>\n<td width=\"14%\" height=\"19\" align=\"center\"><strong>Pe\u00e7as\/ m 2<\/strong><\/td>\n<td width=\"14%\" height=\"19\" align=\"center\">un<\/td>\n<td width=\"14%\" height=\"19\" align=\"center\">13<\/td>\n<td width=\"14%\" height=\"19\" align=\"center\">13<\/td>\n<td width=\"14%\" height=\"19\" align=\"center\">13<\/td>\n<td width=\"15%\" height=\"19\" align=\"center\">13<\/td>\n<td width=\"15%\" height=\"19\" align=\"center\">13<\/td>\n<\/tr>\n<tr>\n<td width=\"14%\" height=\"20\" align=\"center\"><strong>Peso aproximado<\/strong><\/td>\n<td width=\"14%\" height=\"20\" align=\"center\">kg<\/td>\n<td width=\"14%\" height=\"20\" align=\"center\">25 &#8211; 30<\/td>\n<td width=\"14%\" height=\"20\" align=\"center\">28 &#8211; 33<\/td>\n<td width=\"14%\" height=\"20\" align=\"center\">20 &#8211; 25<\/td>\n<td width=\"15%\" height=\"20\" align=\"center\">15 &#8211; 17<\/td>\n<td width=\"15%\" height=\"20\" align=\"center\">18 &#8211; 22<\/td>\n<\/tr>\n<tr>\n<td width=\"14%\" height=\"82\" align=\"center\"><strong>Altura Largura Profundidade<\/strong><\/td>\n<td width=\"14%\" height=\"82\" align=\"center\">cm<\/td>\n<td width=\"14%\" height=\"82\" align=\"center\">19,540<\/p>\n<p>40<\/td>\n<td width=\"14%\" height=\"82\" align=\"center\">19,54,0<\/p>\n<p>40<\/td>\n<td width=\"14%\" height=\"82\" align=\"center\">19,540<\/p>\n<p>30<\/td>\n<td width=\"15%\" height=\"82\" align=\"center\">19,540<\/p>\n<p>23<\/td>\n<td width=\"15%\" height=\"82\" align=\"center\">19,540<\/p>\n<p>23<\/td>\n<\/tr>\n<tr>\n<td width=\"14%\" height=\"19\" align=\"center\"><strong>Peso cheio<\/strong><\/td>\n<td width=\"14%\" height=\"19\" align=\"center\">kg<\/td>\n<td width=\"14%\" height=\"19\" align=\"center\">40 &#8211; 50<\/td>\n<td width=\"14%\" height=\"19\" align=\"center\">40 &#8211; 50<\/td>\n<td width=\"14%\" height=\"19\" align=\"center\">30 &#8211; 40<\/td>\n<td width=\"15%\" height=\"19\" align=\"center\">20 &#8211; 30<\/td>\n<td width=\"15%\" height=\"19\" align=\"center\">20 &#8211; 30<\/td>\n<\/tr>\n<tr>\n<td width=\"14%\" height=\"38\" align=\"center\"><strong>Resist\u00eancia \u00e0 compress\u00e3o<\/strong><\/td>\n<td width=\"14%\" height=\"38\" align=\"center\">MPa<\/td>\n<td width=\"14%\" height=\"38\" align=\"center\">6,0<\/td>\n<td width=\"14%\" height=\"38\" align=\"center\">6,0 a 18,0<\/td>\n<td width=\"14%\" height=\"38\" align=\"center\">6,0 a 12,0<\/td>\n<td width=\"15%\" height=\"38\" align=\"center\">6,0<\/td>\n<td width=\"15%\" height=\"38\" align=\"center\">6,0<\/td>\n<\/tr>\n<tr>\n<td width=\"14%\" height=\"38\" align=\"center\"><strong>Inclina\u00e7\u00e3o da face do muro<\/strong><\/td>\n<td width=\"14%\" height=\"38\" align=\"center\">H : V graus<\/td>\n<td width=\"14%\" height=\"38\" align=\"center\">1 : 1 a 1 :445 &#8211; 76<\/td>\n<td width=\"14%\" height=\"38\" align=\"center\">1 : 2087<\/td>\n<td width=\"14%\" height=\"38\" align=\"center\">1 : 2087<\/td>\n<td width=\"15%\" height=\"38\" align=\"center\">1 : 1 a 1 : 445 &#8211; 76<\/td>\n<td width=\"15%\" height=\"38\" align=\"center\">1 : 2087<\/td>\n<\/tr>\n<tr>\n<td width=\"14%\" height=\"38\" align=\"center\"><strong>Altura livre m\u00e1xima do muro<\/strong><\/td>\n<td width=\"14%\" height=\"38\" align=\"center\">m<\/td>\n<td width=\"14%\" height=\"38\" align=\"center\">5,0<\/td>\n<td width=\"14%\" height=\"38\" align=\"center\">20,0<\/td>\n<td width=\"14%\" height=\"38\" align=\"center\">10,0<\/td>\n<td width=\"15%\" height=\"38\" align=\"center\">3,0<\/td>\n<td width=\"15%\" height=\"38\" align=\"center\">3,0<\/td>\n<\/tr>\n<\/tbody>\n<\/table>\n","protected":false},"excerpt":{"rendered":"<p>TECNOLOGIA Muros Terrae s\u00e3o sistemas construtivos de muros de conten\u00e7\u00e3o em solos refor\u00e7ados com geogrelhas Fortrac (aterros) ou grampos em a\u00e7o (cortes) e face em Blocos Segmentais em concreto estrutural. O sistema permite uma constru\u00e7\u00e3o r\u00e1pida e um excelente acabamento est\u00e1tico. Os Muros Terrae possuem desempenho comprovado em estudos de pesquisa e em centenas de&hellip;&nbsp;<a href=\"https:\/\/geotexes.com.br\/portal\/produtos\/muros-terrae\/\" class=\"\" rel=\"bookmark\">Continue a ler &raquo;<span class=\"screen-reader-text\">Muros Terrae<\/span><\/a><\/p>\n","protected":false},"author":1,"featured_media":0,"parent":8,"menu_order":4,"comment_status":"closed","ping_status":"closed","template":"","meta":{"neve_meta_sidebar":"","neve_meta_container":"","neve_meta_enable_content_width":"","neve_meta_content_width":0,"neve_meta_title_alignment":"","neve_meta_author_avatar":"","neve_post_elements_order":"","neve_meta_disable_header":"","neve_meta_disable_footer":"","neve_meta_disable_title":""},"_links":{"self":[{"href":"https:\/\/geotexes.com.br\/portal\/wp-json\/wp\/v2\/pages\/20"}],"collection":[{"href":"https:\/\/geotexes.com.br\/portal\/wp-json\/wp\/v2\/pages"}],"about":[{"href":"https:\/\/geotexes.com.br\/portal\/wp-json\/wp\/v2\/types\/page"}],"author":[{"embeddable":true,"href":"https:\/\/geotexes.com.br\/portal\/wp-json\/wp\/v2\/users\/1"}],"replies":[{"embeddable":true,"href":"https:\/\/geotexes.com.br\/portal\/wp-json\/wp\/v2\/comments?post=20"}],"version-history":[{"count":0,"href":"https:\/\/geotexes.com.br\/portal\/wp-json\/wp\/v2\/pages\/20\/revisions"}],"up":[{"embeddable":true,"href":"https:\/\/geotexes.com.br\/portal\/wp-json\/wp\/v2\/pages\/8"}],"wp:attachment":[{"href":"https:\/\/geotexes.com.br\/portal\/wp-json\/wp\/v2\/media?parent=20"}],"curies":[{"name":"wp","href":"https:\/\/api.w.org\/{rel}","templated":true}]}}