{"id":13,"date":"2009-04-15T09:15:27","date_gmt":"2009-04-15T12:15:27","guid":{"rendered":"http:\/\/www.geotexes.com.br\/site\/?page_id=13"},"modified":"2020-04-14T01:53:44","modified_gmt":"2020-04-14T04:53:44","slug":"geoweb","status":"publish","type":"page","link":"https:\/\/geotexes.com.br\/portal\/produtos\/geoweb\/","title":{"rendered":"Geoweb"},"content":{"rendered":"<h2 style=\"text-align: center;\"><strong>Sistema de confinamento celular<\/strong><\/h2>\n<p style=\"text-align: justify;\"><strong>Porque atualmente a tecnologia mais avan\u00e7ada em estabiliza\u00e7\u00e3o de solo pertence ao sistema de confinamento celular Geoweb da Alcoa, por resolver problemas desafiadores com rela\u00e7\u00e3o a estabilidade do solo.<\/strong><\/p>\n<h3><!--nextpage--><strong>Geotecnologia progressiva<\/strong><\/h3>\n<p style=\"text-align: justify;\">A Alcoa lidera a ind\u00fastria de confinamento celular em pesquisa e desenvolvimento, resultando em melhorias significativas de produtos, caracter\u00edsticas inovadoras, metodologias avan\u00e7adas de engenharia, aplica\u00e7\u00f5es criativas e resultados de campo comprovadas que fornecem solu\u00e7\u00f5es a longo prazo \u00e1 problemas \u00fanicos e complicados.<\/p>\n<h3><!--nextpage--><strong>Produtos de alta qualidade \/Solu\u00e7\u00f5es<\/strong><\/h3>\n<p style=\"text-align: justify;\">A Alcoa se orgulha de fornecer produtos e solu\u00e7\u00f5es de alta qualidade. As se\u00e7\u00f5es da Geoweb s\u00e3o manufaturadas de polietileno de alta qualidade para alcan\u00e7ar a m\u00e1xima resist\u00eancia na soldagem da junta e desempenho total do sistema. E o processo completo de manufatura faz parte de um sistema de gerenciamento de qualidade certificada pela ISO 9001:2000, assegurando produtos de qualidade consistente.<\/p>\n<ul>\n<h3><strong>Sistema e componentes da GEOWEB<\/strong><\/h3>\n<p style=\"text-align: justify;\">O Sistema da Geoweb \u00e9 uma rede de c\u00e9lulas interconectadas de alto poder da engenharia que confina e estabiliza os solos. O sistema Geoweb fornece solu\u00e7\u00f5es inovadoras a problema de estabilidade do solo desafiadores em taludes a canais de prote\u00e7\u00e3o, suporte de carga e aplica\u00e7\u00f5es de conten\u00e7\u00e3o de terra.<\/p>\n<\/ul>\n<p><strong>O componentes do sistema incluem:<\/strong><\/p>\n<ul>\n<li>a se\u00e7\u00e3o perfurada de Geoweb<\/li>\n<li>material de preenchimento espec\u00edfico<\/li>\n<li>ATRA componente de ancoragem<\/li>\n<li>refor\u00e7o do tensor dimensionado (quando aplic\u00e1vel)<\/li>\n<li>outros componentes de valor adicionados e cr\u00edticos<\/li>\n<\/ul>\n<p><strong>OP\u00c7\u00d5ES DE PREENCHIMENTO<\/strong><\/p>\n<p>Uma variedade de materiais de preenchimento podem ser usados baseados em detalhes do problema\/ projeto espec\u00edfico.<\/p>\n<ul>\n<li>Suporte do solo com vegeta\u00e7\u00e3o selecionada variada.<\/li>\n<li>Combina\u00e7\u00f5es de areia e cascalho \u00e1 rochas e pedras maiores.<\/li>\n<li>Concreto de v\u00e1rias resist\u00eancias e acabamentos superficiais.<\/li>\n<li>Preenchimento dispon\u00edvel do local<\/li>\n<li>Combina\u00e7\u00f5es dos componentes acima para satisfazer condi\u00e7\u00f5es especiais.<\/li>\n<\/ul>\n<h3><strong>Sistema de prote\u00e7\u00e3o de canal<\/strong><\/h3>\n<p style=\"text-align: justify;\">O sistema de prote\u00e7\u00e3o de canal de Geoweb fornece uma ampla variedade de tratamentos de prote\u00e7\u00e3o flex\u00edveis para canais abertos e estruturas hidr\u00e1ulicas. O sistema fornece uma estabilidade e prote\u00e7\u00e3o de canais expostas a condi\u00e7\u00f5es erosivas variando em baixas e altas vaz\u00f5es tanto intermitentes quanto continuas.<\/p>\n<ul>\n<li>Melhora significativamente o desempenho hidr\u00e1ulico de materiais de prote\u00e7\u00e3o convencionais tais como as combina\u00e7\u00f5es, rip rap e vegeta\u00e7\u00f5es confinando &#8211; os com a estrutura celular.<\/li>\n<li>Pode produzir um bloco de concreto para uma baixa fric\u00e7\u00e3o e alinhamento de canal protegido.<\/li>\n<li>Pode ser desenvolvido para condi\u00e7\u00f5es locais especificas baseadas em compatibilidade com requisitos ambientais, ecol\u00f3gicos e est\u00e9ticos locais, vaz\u00e3o antecipada m\u00e1xima, tens\u00f5es hidr\u00e1ulicas associadas.<\/li>\n<li>Efici\u00eancia na rugosidade superficial e hidr\u00e1ulicas do sistema de alinhamento pode ser mudada pra controlar a vaz\u00e3o.<\/li>\n<li>Requisitos de drenagem em subn\u00edveis de deforma\u00e7\u00e3o potencial da estrutura podem\u00a0 tamb\u00e9m ser verificados.<\/li>\n<\/ul>\n<p><strong>APLICA\u00c7\u00d5ES T\u00cdPICAS<br \/>\n<\/strong><\/p>\n<ul>\n<li>fossos de drenagem e passagem<\/li>\n<li>conten\u00e7\u00e3o ou desvio da \u00e1gua da tempestade<\/li>\n<li>canais de processos da \u00e1gua<\/li>\n<li>pequenas represas\/ passagens\/ estruturas de quedas<\/li>\n<li>dutos de descarga<\/li>\n<li>intermitente ou continuo\/ altos a baixos canais de vaz\u00e3o<\/li>\n<\/ul>\n<h3><strong>Sistema de prote\u00e7\u00e3o de taludes e encostas<\/strong><\/h3>\n<p style=\"text-align: justify;\">O sistema de prote\u00e7\u00e3o de Taludes e encostas Geoweb confina, refor\u00e7a e impede o deslizamento da camada de solo superior devido as for\u00e7as gravitacionais e hidr\u00e1ulicas.<\/p>\n<ul>\n<li>Fornece prote\u00e7\u00e3o aos taludes e confinamento estruturais de materiais granulares eficazes tais como areia cascalho, e rochas e pedras maiores.<\/li>\n<li>Torna &#8211; se uma camada de concreto flex\u00edvel com juntas de expans\u00e3o quando as c\u00e9lulas s\u00e3o preenchidas com concreto.<\/li>\n<li>Cumpre uma ampla variedade de requisitos hidr\u00e1ulicos e estruturais como sistemas de camadas m\u00faltiplas ou \u00fanicas.<\/li>\n<li>Cria estabilidade adicional integrando tensores em taludes ingremes e aterros e encostas ou quando uma geomembrana ou rocha de superf\u00edcie ou solo duro impede a ancoramento com estacas.<\/li>\n<\/ul>\n<p><strong>APLICA\u00c7\u00d5ES T\u00cdPICAS<br \/>\n<\/strong><\/p>\n<ul>\n<li>corte ou aterros de barragens<\/li>\n<li>prote\u00e7\u00e3o de Margem<\/li>\n<li>a\u00e7\u00e3o das ondas \/ laguna de esgoto<\/li>\n<li>muros de conten\u00e7\u00e3o &amp; diques<\/li>\n<li>prote\u00e7\u00e3o de geomenbrana<\/li>\n<li>cobertura de Aterros Sanit\u00e1rios<\/li>\n<li>barragens e canais<\/li>\n<li>prote\u00e7\u00e3o de contraforte<\/li>\n<\/ul>\n<h3><strong>Sistema de conten\u00e7\u00e3o de terra<\/strong><\/h3>\n<p style=\"text-align: justify;\">O sistema de Geoweb, quando em camadas, torna &#8211; se um sistema de conten\u00e7\u00e3o de terra que cumpre com todas as exig\u00eancias estruturais projeto &#8211; especificas. O sistema permite a flexibilidade da constru\u00e7\u00e3o e fornece est\u00e9tica atrav\u00e9s de face completamente vegetada. Os terra\u00e7os horizontais s\u00e3o formados onde a vegeta\u00e7\u00e3o pode florecer no preenchimento com solo das c\u00e9lulas expostas. O sistema captura a \u00e1gua da chuva e controla a evapora\u00e7\u00e3o da \u00e1gua do solo, criando um ambiente mais natural para a vegeta\u00e7\u00e3o.<\/p>\n<ul>\n<li>Mant\u00e9m a estabilidade estrutural contra todos os esfor\u00e7os atrav\u00e9s de sua massa e valores friccionais do preenchimento.<\/li>\n<li>Cumpre com os desafios do tereno quando as sub &#8211; bases s\u00e3o compress\u00edves ou a constru\u00e7\u00e3o est\u00e1 em posi\u00e7\u00f5es de dif\u00edcil acesso.<\/li>\n<li>Mistura &#8211; se com qualquer ambiente com o uso de cores castanho, verde ou pain\u00e9is com face de cores especiais.<\/li>\n<\/ul>\n<p><strong>APLICA\u00c7\u00d5ES T\u00cdPICAS<br \/>\n<\/strong><\/p>\n<ul>\n<li>paredes bio projetadas<\/li>\n<li>terraplanagens \u00edngremes<\/li>\n<li>prote\u00e7\u00e3o de diques<\/li>\n<li>escoadouro<\/li>\n<li>muros desenvolvidos de acordo com a paisagem<\/li>\n<li>estruturas de canais vegetados<\/li>\n<li>barreiras de som<\/li>\n<\/ul>\n<h3><strong>Sistema de suporte de carga<\/strong><\/h3>\n<p style=\"text-align: justify;\">O sistema de suporte de carga de Geoweb\u00ae estabiliza o preechimento\u00a0 selecionado e fornece solu\u00e7\u00f5es em tr\u00eas \u00e1reas chaves: 1) um sistema de distribui\u00e7\u00e3o de carga sobre solos fracos.<br \/>\n2) a estabiliza\u00e7\u00e3o de base para superf\u00edcies pavimentadas e<br \/>\n3) estabiliza\u00e7\u00e3o de superf\u00edcies para superf\u00edcies n\u00e3o-pavimentadas. O preenchimento confinado no sistema produz uma camada resistente com for\u00e7a flex\u00edvel elevada.<\/p>\n<p>\u2022 Minimiza significativamente sulcos na superf\u00edcie.<br \/>\n\u2022 Distribui cargas lateralmente e reduz desvios e press\u00f5es de contato de sub base.<br \/>\n\u2022 Controla o movimento lateral e de cisalhamento do material grosseiro e material\u00a0 de preenchimento perme\u00e1vel.<br \/>\n\u2022 Com o preenchimento de agregado aberto, reduz o escoamento da \u00e1gua de tempestade e cria uma bacia no local de reten\u00e7\u00e3o da \u00e1gua.<br \/>\n\u2022 Na maioria dos casos, o sistema Geoweb dobra o n\u00famero estrutural eficaz para a sustenta\u00e7\u00e3o da carga.<\/p>\n<p><strong>APLICA\u00c7\u00d5ES T\u00cdPICAS<\/strong><br \/>\n\u2022 Estradas de acesso \u00e0 lugares permanente e tempor\u00e1rios<br \/>\n\u2022 Superf\u00edcies perme\u00e1veis e resistentes a carregamentos.<br \/>\n\u2022 Intermodal \/ facilidades portu\u00e1rias<br \/>\n\u2022 Transporte \/ jardas de armazenamento<br \/>\n\u2022 Cantos da pista<br \/>\n\u2022 Camada estabilizada de drenagem<br \/>\n\u2022 Base estabilizada para asfalto \/ pavimentos modulares de bloco<br \/>\n\u2022 Estrutura de trilhas de pedra e sub lastro<br \/>\n\u2022 Trilhas e via para pedestres<br \/>\n\u2022 Rampas de barco e passagens de \u00e1guas rasas.<br \/>\n\u2022 Colch\u00f5es da funda\u00e7\u00e3o &amp; prote\u00e7\u00e3o da tubula\u00e7\u00e3o<br \/>\n\u2022 Conduto de Vala<\/p>\n<h3><strong>Benef\u00edcios das perfura\u00e7\u00f5es<\/strong><\/h3>\n<p><strong>canal, talude &amp; prote\u00e7\u00e3o de margem<\/strong><\/p>\n<ul>\n<li>As perfura\u00e7\u00f5es facilitam a drenagem paralela do talude das c\u00e9lulas preenchidas. Em condi\u00e7\u00f5es saturadas, a remo\u00e7\u00e3o da \u00e1gua em excesso aumenta a fric\u00e7\u00e3o do preenchimento, reduzindo a for\u00e7a da inclina\u00e7\u00e3o deslizante, tendo por resultado um sistema mais est\u00e1vel.<\/li>\n<li>Em sistemas vegetadas, perfura\u00e7\u00f5es permitem que as ra\u00edzes cres\u00e7am de c\u00e9lulas por c\u00e9lula criando uma estabilidade vegetativa maior contra os eventos hidr\u00e1ulicos a curto prazo<\/li>\n<li>Com o preenchimento de agregado, as perfura\u00e7\u00f5es criam uma resist\u00eancia de fric\u00e7\u00e3o maior entre materiais de preenchimento e a parede das c\u00e9lulas perfuradas, resultando numa resist\u00eancia maior ao solapamento hidr\u00e1ulico.<\/li>\n<li>Com o preenchimento de concreto, as perfura\u00e7\u00f5es permitem que o preenchimento se encaixe com as paredes das c\u00e9lulas, aumentando a resist\u00eancia de fric\u00e7\u00e3o, criando um talude protegido.<\/li>\n<\/ul>\n<p><strong>muro de conten\u00e7\u00e3o de terra<\/strong><\/p>\n<ul>\n<li>as perfura\u00e7\u00f5es melhoram a intera\u00e7\u00e3o de fric\u00e7\u00e3o entre a parede das c\u00e9lulas texturizada\/ perfurada, criando uma fric\u00e7\u00e3o traseira maior da parede, potencialmente reduzindo for\u00e7as desestabelecedoras horizontais e aumentando for\u00e7as estabilizando &#8211; se verticais.<\/li>\n<li>as perfura\u00e7\u00f5es criam uma melhor intera\u00e7\u00e3o sistema drenado que reduz significativamente for\u00e7as hidrost\u00e1ticas, resultando em um design de parede mais econ\u00f4mica.<\/li>\n<\/ul>\n<p><strong>suporte de carga<\/strong><\/p>\n<ul>\n<li>perfura\u00e7\u00f5es e uma superf\u00edcie texturizada aumentando o \u00e2ngulo de fric\u00e7\u00e3o entre o preenchimento de agregado e a parede das c\u00e9lulas, gerando o melhor aprisionamento e uma maior distribui\u00e7\u00e3o de carga total.<\/li>\n<li>As perfura\u00e7\u00f5es facilitam a drenagem lateral de c\u00e9lula por c\u00e9lula da terra excessiva e da \u00e1gua de superf\u00edcie, reduzindo os efeitos negativos de traficar sobre solos saturados.<\/li>\n<\/ul>\n<h3><strong>Tamanhos padr\u00f5es de sistema GEOWEB<\/strong><\/h3>\n<p>As se\u00e7\u00f5es da Geoweb est\u00e3o dispon\u00edveis em v\u00e1rios tipos e profundidades de c\u00e9lulas, e se\u00e7\u00f5es de comprimentos para um cumprimento mais econ\u00f4mico dos requisitos do projeto.<\/p>\n<table id=\"AutoNumber1\" style=\"border-collapse: collapse\" border=\"1\" cellspacing=\"0\" cellpadding=\"0\" width=\"69%\" bordercolor=\"#111111\">\n<tbody>\n<tr>\n<td rowspan=\"2\" width=\"10%\" align=\"center\"><strong>Tipo de<\/strong><strong>c\u00e9lula<\/strong><\/td>\n<td width=\"23%\" align=\"center\"><strong>Se\u00e7\u00e3o de Largura<\/strong><\/td>\n<td colspan=\"2\" width=\"67%\">\n<p align=\"center\"><strong>Se\u00e7\u00e3o de alcance de comprimento<\/strong><\/p>\n<p align=\"center\">Cells Long: 18,21,25,29,34<\/p>\n<\/td>\n<\/tr>\n<tr>\n<td width=\"23%\" align=\"center\">Vari\u00e1vel<\/td>\n<td width=\"30%\">\n<p align=\"center\">M\u00ednimo<\/p>\n<\/td>\n<td width=\"37%\">\n<p align=\"center\">M\u00e1ximo<\/p>\n<\/td>\n<\/tr>\n<tr>\n<td width=\"10%\" align=\"center\">GW20V<\/td>\n<td rowspan=\"3\" width=\"23%\" align=\"center\">2.3 m (7.7 ft) to2.8 m (9.2<br \/>\nft)<\/td>\n<td width=\"30%\">\n<p align=\"center\">3.7 m (12.0 ft)<\/p>\n<\/td>\n<td width=\"37%\">\n<p align=\"center\">8.3 m (27.3 ft)<\/p>\n<\/td>\n<\/tr>\n<tr>\n<td width=\"10%\" align=\"center\">GW30V<\/td>\n<td width=\"30%\" align=\"center\">4.7 m (15.4 ft)<\/td>\n<td width=\"37%\" align=\"center\">10.7 m (35.1 ft)<\/td>\n<\/tr>\n<tr>\n<td width=\"10%\" align=\"center\">GW40V<\/td>\n<td width=\"30%\" align=\"center\">7.7 m (25.4 ft)<\/td>\n<td width=\"37%\" align=\"center\">17.8 m (58.2 ft)<\/td>\n<\/tr>\n<\/tbody>\n<\/table>\n<table id=\"AutoNumber2\" style=\"border-collapse: collapse; height: 73px;\" border=\"1\" cellspacing=\"0\" cellpadding=\"0\" width=\"100%\" bordercolor=\"#111111\">\n<tbody>\n<tr>\n<td width=\"16%\" height=\"48\">\n<p align=\"center\">Profundidade de<\/p>\n<p align=\"center\">c\u00e9lulas dispon\u00edveis<\/p>\n<\/td>\n<td width=\"84%\" height=\"48\">\n<p align=\"center\">75 mm (3 in), 100mm (4 in), 150 mm (6 in), 200 mm (8 in)<\/p>\n<\/td>\n<\/tr>\n<tr>\n<td colspan=\"2\" width=\"100%\" height=\"24\">\n<p align=\"center\">A profundidade e o tamanho da c\u00e9lula s\u00e3o determinados<br \/>\npelos detalhes da aplica\u00e7\u00e3o, do problema ou da solu\u00e7\u00e3o desejada. Para mais<br \/>\ninforma\u00e7\u00f5es consulte a especifica\u00e7\u00e3o de material Geoweb.<\/td>\n<\/tr>\n<\/tbody>\n<\/table>\n<h3><strong>Componentes integrantes do sistema<\/strong><\/h3>\n<p>Os tensores, as ancoragens ATRA e os clips ATRA podem ser integrados para cumprir as exig\u00eancias de engenharia.<\/p>\n<p><strong>TENSORES<\/strong><\/p>\n<p>Os tensores podem ser requeridos e est\u00e3o dispon\u00edveis em varias tens\u00f5es para cumprir requisitos espec\u00edficos. O uso dos tensores.<\/p>\n<ul>\n<li>Fornecer estabilidade adicional contra as fo\u00e7as gravitacionais e hidrodin\u00e2micas.<\/li>\n<li>S\u00e3o particularmente eficazes em aterros \u00edngreme, onde existem grandes vaz\u00f5es ou quando uma geomenbrana sobre uma camada ou solo ou rocha maci\u00e7a previne ancoramento com estacas.<\/li>\n<\/ul>\n<p><strong>ANCORAGEM ATRA<\/strong><\/p>\n<p>Os clips ATRA da Alcoa trazem uma economia de tempo e material durante a instala\u00e7\u00e3o do sistema GEOWEB. (1)<\/p>\n<ul>\n<li>Usados como estacas de a\u00e7o de 12 mm polegadas, as Ancoragens ATRA s\u00e3o mais f\u00e1ceis de se manipular do que as estacas de gancho J, melhorando a produtividade da instala\u00e7\u00e3o.(4)<\/li>\n<li>Uma variedade de Tensores a Ancoragens ATRA fornecem ancoramento adicional para resistir \u00e1 deslizamento e as for\u00e7as de empuxo.(2)<\/li>\n<li>Ferramentas especializadas de manejo est\u00e3o dispon\u00edveis aumentar o rendimento na instala\u00e7\u00e3o das ancoragens(5)<\/li>\n<\/ul>\n<p><strong>CLIPS ATRA<\/strong><\/p>\n<p style=\"text-align: justify;\">O clip ATRA se torna um mecanismo de transfer\u00eancia de peso quando conectado \u00e1 tensores em pontos espec\u00edficos de transfer\u00eancia de carga(3).<\/p>\n<p style=\"text-align: justify;\">Tipos de espa\u00e7amentos de tensores e ancoragens s\u00e3o determinados atrav\u00e9s de m\u00e9todos anal\u00edticos dispon\u00edveis atrav\u00e9s da Alcoa Geosystems.<\/p>\n<p style=\"text-align: justify;\">Outros componentes podem incluir um geot\u00eaxtil para separa\u00e7\u00e3o de camada e\/ou de uma camada de geomembrana imperme\u00e1vel, georedes, uma cobertura de controle de eros\u00e3o uma camada de turfa refor\u00e7ada ou outros tratamentos de superf\u00edcie.<\/p>\n","protected":false},"excerpt":{"rendered":"<p>Sistema de confinamento celular Porque atualmente a tecnologia mais avan\u00e7ada em estabiliza\u00e7\u00e3o de solo pertence ao sistema de confinamento celular Geoweb da Alcoa, por resolver problemas desafiadores com rela\u00e7\u00e3o a estabilidade do solo.<\/p>\n","protected":false},"author":1,"featured_media":0,"parent":8,"menu_order":1,"comment_status":"closed","ping_status":"closed","template":"","meta":{"neve_meta_sidebar":"","neve_meta_container":"","neve_meta_enable_content_width":"","neve_meta_content_width":0,"neve_meta_title_alignment":"","neve_meta_author_avatar":"","neve_post_elements_order":"","neve_meta_disable_header":"","neve_meta_disable_footer":"","neve_meta_disable_title":""},"_links":{"self":[{"href":"https:\/\/geotexes.com.br\/portal\/wp-json\/wp\/v2\/pages\/13"}],"collection":[{"href":"https:\/\/geotexes.com.br\/portal\/wp-json\/wp\/v2\/pages"}],"about":[{"href":"https:\/\/geotexes.com.br\/portal\/wp-json\/wp\/v2\/types\/page"}],"author":[{"embeddable":true,"href":"https:\/\/geotexes.com.br\/portal\/wp-json\/wp\/v2\/users\/1"}],"replies":[{"embeddable":true,"href":"https:\/\/geotexes.com.br\/portal\/wp-json\/wp\/v2\/comments?post=13"}],"version-history":[{"count":0,"href":"https:\/\/geotexes.com.br\/portal\/wp-json\/wp\/v2\/pages\/13\/revisions"}],"up":[{"embeddable":true,"href":"https:\/\/geotexes.com.br\/portal\/wp-json\/wp\/v2\/pages\/8"}],"wp:attachment":[{"href":"https:\/\/geotexes.com.br\/portal\/wp-json\/wp\/v2\/media?parent=13"}],"curies":[{"name":"wp","href":"https:\/\/api.w.org\/{rel}","templated":true}]}}